{"id":106,"date":"2018-09-06T16:11:52","date_gmt":"2018-09-06T16:11:52","guid":{"rendered":"https:\/\/quattro.true-emotions.studio\/?page_id=106"},"modified":"2023-10-05T14:34:42","modified_gmt":"2023-10-05T14:34:42","slug":"home","status":"publish","type":"page","link":"https:\/\/mythicalcarsworldwide.fr\/","title":{"rendered":"Accueil"},"content":{"rendered":"<p>[vc_row pix_padding_top=\u00a0\u00bbpadding No\u00a0\u00bb pix_padding_bottom=\u00a0\u00bbpadding No\u00a0\u00bb gradient_colors=\u00a0\u00bb%5B%7B%7D%5D\u00a0\u00bb][vc_column]\n\t\t\t<!-- START Quattro Home REVOLUTION SLIDER 6.5.12 --><p class=\"rs-p-wp-fix\"><\/p>\n\t\t\t<rs-module-wrap id=\"rev_slider_1_1_wrapper\" data-source=\"gallery\" style=\"visibility:hidden;background:#262626;padding:0;margin:0px auto;margin-top:0;margin-bottom:0;\">\n\t\t\t\t<rs-module id=\"rev_slider_1_1\" style=\"\" data-version=\"6.5.12\">\n\t\t\t\t\t<rs-slides>\n\t\t\t\t\t\t<rs-slide style=\"position: absolute;\" data-key=\"rs-1\" data-title=\"Slide\" data-anim=\"ms:600;\" data-in=\"o:0;\" data-out=\"a:false;\">\n\t\t\t\t\t\t\t<img loading=\"lazy\" decoding=\"async\" src=\"\/\/mythicalcarsworldwide.fr\/wp-content\/plugins\/revslider\/public\/assets\/assets\/dummy.png\" alt=\"\" width=\"1920\" height=\"1080\" class=\"rev-slidebg tp-rs-img rs-lazyload\" data-lazyload=\"\/\/cdn.discordapp.com\/attachments\/494851302392594442\/971434903386349628\/unknown.png\" data-panzoom=\"d:10000;ss:100;se:102;\" data-no-retina>\n<!--\n\t\t\t\t\t\t\t--><a\n\t\t\t\t\t\t\t\tid=\"slider-1-slide-1-layer-3\" \n\t\t\t\t\t\t\t\tclass=\"rs-layer rev-btn rs-selectable\"\n\t\t\t\t\t\t\t\thref=\"https:\/\/mythicalcarsworldwide.fr\/index.php\/importation\/\" target=\"_self\" rel=\"nofollow\"\n\t\t\t\t\t\t\t\tdata-type=\"button\"\n\t\t\t\t\t\t\t\tdata-color=\"rgba(255,255,255,1)\"\n\t\t\t\t\t\t\t\tdata-xy=\"x:c,l,c,c;xo:150px,52px,-517px,0;y:m,t,t,t;yo:0,492px,517px,433px;\"\n\t\t\t\t\t\t\t\tdata-text=\"s:17,17,15,17;l:17;fw:500;a:inherit;\"\n\t\t\t\t\t\t\t\tdata-rsp_bd=\"off\"\n\t\t\t\t\t\t\t\tdata-padding=\"t:18;r:40;b:20;l:40;\"\n\t\t\t\t\t\t\t\tdata-frame_0=\"rX:-70deg;oZ:-50;\"\n\t\t\t\t\t\t\t\tdata-frame_1=\"oZ:-50;e:power4.inOut;sp:1750;\"\n\t\t\t\t\t\t\t\tdata-frame_999=\"o:0;st:w;sR:5690;\"\n\t\t\t\t\t\t\t\tdata-frame_hover=\"c:#000;bgc:#fff;boc:#000;bor:0px,0px,0px,0px;bos:solid;oX:50;oY:50;sp:0;\"\n\t\t\t\t\t\t\t\tstyle=\"z-index:8;background-color:#ff3737;font-family:'Jost';cursor:pointer;outline:none;box-shadow:none;box-sizing:border-box;-moz-box-sizing:border-box;-webkit-box-sizing:border-box;\"\n\t\t\t\t\t\t\t><i class=\"fa-check\"><\/i> J'ai trouv\u00e9 un v\u00e9hicule \n\t\t\t\t\t\t\t<\/a><!--\n\n\t\t\t\t\t\t\t--><rs-layer\n\t\t\t\t\t\t\t\tid=\"slider-1-slide-1-layer-5\" \n\t\t\t\t\t\t\t\tclass=\"rs-selectable\"\n\t\t\t\t\t\t\t\tdata-type=\"text\"\n\t\t\t\t\t\t\t\tdata-color=\"#fff\"\n\t\t\t\t\t\t\t\tdata-rsp_ch=\"on\"\n\t\t\t\t\t\t\t\tdata-xy=\"x:c;xo:1px,0,0,0;y:m;yo:-67px,-52px,-39px,-24px;\"\n\t\t\t\t\t\t\t\tdata-text=\"w:normal;s:40,31,23,14;l:50,39,29,17;a:center;\"\n\t\t\t\t\t\t\t\tdata-dim=\"minh:0px,none,none,none;\"\n\t\t\t\t\t\t\t\tdata-frame_1=\"st:500;sp:1660;sR:500;\"\n\t\t\t\t\t\t\t\tdata-frame_999=\"o:0;st:w;sR:3840;\"\n\t\t\t\t\t\t\t\tstyle=\"z-index:9;font-family:'Jost';\"\n\t\t\t\t\t\t\t>O\u00f9 en \u00eates-vous ? \n\t\t\t\t\t\t\t<\/rs-layer><!--\n\n\t\t\t\t\t\t\t--><a\n\t\t\t\t\t\t\t\tid=\"slider-1-slide-1-layer-6\" \n\t\t\t\t\t\t\t\tclass=\"rs-layer rev-btn rs-selectable\"\n\t\t\t\t\t\t\t\thref=\"https:\/\/mythicalcarsworldwide.fr\/index.php\/importation\/\" target=\"_self\" rel=\"nofollow\"\n\t\t\t\t\t\t\t\tdata-type=\"button\"\n\t\t\t\t\t\t\t\tdata-color=\"rgba(255,255,255,1)\"\n\t\t\t\t\t\t\t\tdata-xy=\"x:c,l,c,c;xo:-150px,52px,-517px,0;y:m,t,t,t;yo:1px,492px,517px,433px;\"\n\t\t\t\t\t\t\t\tdata-text=\"s:17,17,15,17;l:17;a:center,inherit,inherit,inherit;\"\n\t\t\t\t\t\t\t\tdata-rsp_bd=\"off\"\n\t\t\t\t\t\t\t\tdata-padding=\"t:18;r:40;b:20;l:40;\"\n\t\t\t\t\t\t\t\tdata-frame_0=\"rX:-70deg;oZ:-50;\"\n\t\t\t\t\t\t\t\tdata-frame_1=\"oZ:-50;e:power4.inOut;sp:1750;\"\n\t\t\t\t\t\t\t\tdata-frame_999=\"o:0;st:w;sR:5690;\"\n\t\t\t\t\t\t\t\tdata-frame_hover=\"c:#000;bgc:#fff;boc:#000;bor:0px,0px,0px,0px;bos:solid;oX:50;oY:50;sp:0;\"\n\t\t\t\t\t\t\t\tstyle=\"z-index:8;background-color:#bc2929;font-family:'Jost';cursor:pointer;outline:none;box-shadow:none;box-sizing:border-box;-moz-box-sizing:border-box;-webkit-box-sizing:border-box;\"\n\t\t\t\t\t\t\t><i class=\"fa-search\"><\/i>            Je recherche un v\u00e9hicule \n\t\t\t\t\t\t\t<\/a><!--\n-->\t\t\t\t\t\t<\/rs-slide>\n\t\t\t\t\t\t<rs-slide style=\"position: absolute;\" data-key=\"rs-15\" data-title=\"Slide\" data-in=\"o:0;\" data-out=\"a:false;\">\n\t\t\t\t\t\t\t<img loading=\"lazy\" decoding=\"async\" src=\"\/\/mythicalcarsworldwide.fr\/wp-content\/plugins\/revslider\/public\/assets\/assets\/dummy.png\" alt=\"\" title=\"voiture remorque\" width=\"2048\" height=\"1279\" class=\"rev-slidebg tp-rs-img rs-lazyload\" data-lazyload=\"\/\/mythicalcarsworldwide.fr\/wp-content\/uploads\/2023\/07\/BJT-RT6-95.jpg\" data-no-retina>\n<!--\n\t\t\t\t\t\t\t--><rs-layer\n\t\t\t\t\t\t\t\tid=\"slider-1-slide-15-layer-1\" \n\t\t\t\t\t\t\t\tclass=\"rs-selectable\"\n\t\t\t\t\t\t\t\tdata-type=\"text\"\n\t\t\t\t\t\t\t\tdata-color=\"#c4c4c4\"\n\t\t\t\t\t\t\t\tdata-rsp_ch=\"on\"\n\t\t\t\t\t\t\t\tdata-xy=\"x:c;xo:1px,0,0,0;y:m;\"\n\t\t\t\t\t\t\t\tdata-text=\"w:normal;s:40,31,23,14;l:50,39,29,17;a:center;\"\n\t\t\t\t\t\t\t\tdata-dim=\"minh:0px,none,none,none;\"\n\t\t\t\t\t\t\t\tdata-frame_1=\"st:500;sp:1660;sR:500;\"\n\t\t\t\t\t\t\t\tdata-frame_999=\"o:0;st:w;sR:3840;\"\n\t\t\t\t\t\t\t\tstyle=\"z-index:9;font-family:'Jost';\"\n\t\t\t\t\t\t\t>LA SOLUTION \u00c1 TOUTES VOS PROBL\u00c9MATIQUES DE TRANSPORT ET DE LOGISTIQUE \n\t\t\t\t\t\t\t<\/rs-layer><!--\n\n\t\t\t\t\t\t\t--><a\n\t\t\t\t\t\t\t\tid=\"slider-1-slide-15-layer-4\" \n\t\t\t\t\t\t\t\tclass=\"rs-layer rev-btn rs-selectable\"\n\t\t\t\t\t\t\t\thref=\"https:\/\/mythicalcarsworldwide.fr\/index.php\/logistique\/\" target=\"_self\" rel=\"nofollow\"\n\t\t\t\t\t\t\t\tdata-type=\"button\"\n\t\t\t\t\t\t\t\tdata-color=\"rgba(255,255,255,1)\"\n\t\t\t\t\t\t\t\tdata-xy=\"x:c,l,c,c;xo:0,52px,-517px,0;y:m,t,t,t;yo:79px,492px,517px,433px;\"\n\t\t\t\t\t\t\t\tdata-text=\"s:17,17,15,17;l:17;fw:500;a:inherit;\"\n\t\t\t\t\t\t\t\tdata-rsp_bd=\"off\"\n\t\t\t\t\t\t\t\tdata-padding=\"t:18;r:40;b:20;l:40;\"\n\t\t\t\t\t\t\t\tdata-frame_0=\"rX:-70deg;oZ:-50;\"\n\t\t\t\t\t\t\t\tdata-frame_1=\"oZ:-50;e:power4.inOut;st:1140;sp:2340;sR:1140;\"\n\t\t\t\t\t\t\t\tdata-frame_999=\"o:0;st:w;sR:2520;\"\n\t\t\t\t\t\t\t\tdata-frame_hover=\"c:#000;bgc:#fff;boc:#000;bor:0px,0px,0px,0px;bos:solid;oX:50;oY:50;sp:0;\"\n\t\t\t\t\t\t\t\tstyle=\"z-index:8;background-color:#e2a74f;font-family:'Jost';cursor:pointer;outline:none;box-shadow:none;box-sizing:border-box;-moz-box-sizing:border-box;-webkit-box-sizing:border-box;\"\n\t\t\t\t\t\t\t>D\u00e9couvrir \n\t\t\t\t\t\t\t<\/a><!--\n-->\t\t\t\t\t\t<\/rs-slide>\n\t\t\t\t\t<\/rs-slides>\n\t\t\t\t\t<rs-static-layers><!--\n\t\t\t\t\t--><\/rs-static-layers>\n\t\t\t\t<\/rs-module>\n\t\t\t\t<script>\n\t\t\t\t\tsetREVStartSize({c: 'rev_slider_1_1',rl:[1240,1024,778,480],el:[870,768,960,720],gw:[1300,1024,778,480],gh:[870,768,960,720],type:'standard',justify:'',layout:'fullwidth',mh:\"0\"});if (window.RS_MODULES!==undefined && window.RS_MODULES.modules!==undefined && window.RS_MODULES.modules[\"revslider11\"]!==undefined) {window.RS_MODULES.modules[\"revslider11\"].once = false;window.revapi1 = undefined;if (window.RS_MODULES.checkMinimal!==undefined) window.RS_MODULES.checkMinimal()}\n\t\t\t\t<\/script>\n\t\t\t<\/rs-module-wrap>\n\t\t\t<!-- END REVOLUTION SLIDER -->\n[\/vc_column][\/vc_row][vc_row pix_padding_top=\u00a0\u00bbpadding M\u00a0\u00bb pix_padding_bottom=\u00a0\u00bbpadding M\u00a0\u00bb gradient_colors=\u00a0\u00bb%5B%7B%7D%5D\u00a0\u00bb awb_type=\u00a0\u00bbcolor\u00a0\u00bb awb_stretch=\u00a0\u00bb1&Prime; awb_color=\u00a0\u00bb#f6f6f7&Prime; css=\u00a0\u00bb.vc_custom_1654554395645{border-bottom-width: 50px !important;}\u00a0\u00bb][vc_column width=\u00a0\u00bb1\/3&Prime;][common_icon_box style=\u00a0\u00bbpix-ibox-top\u00a0\u00bb radius=\u00a0\u00bbpix-rounded\u00a0\u00bb position_with_center=\u00a0\u00bbpix-text-center\u00a0\u00bb icon_size=\u00a0\u00bbpix-icon-xl\u00a0\u00bb link=\u00a0\u00bburl:https%3A%2F%2Fmythicalcarsworldwide.fr%2Findex.php%2Fimportation%2F|title:Importation\u00a0\u00bb image=\u00a0\u00bb513&Prime; title=\u00a0\u00bbImportation\u00a0\u00bb btn_txt=\u00a0\u00bbread more\u00a0\u00bb]Mythical Cars Worldwide vous accompagne dans la d\u00e9marche d\u2019import de v\u00e9hicules en France, gr\u00e2ce \u00e0 nos diff\u00e9rentes prestations. Avant tout, nous sommes passion\u00e9s d\u2019automobile, et souhaitons que votre future voiture refl\u00e8te votre \u00e9tat d\u2019esprit. Nous chercherons la meilleure configuration possible, au meilleur prix, correspondant \u00e0 votre demande.[\/common_icon_box][\/vc_column][vc_column width=\u00a0\u00bb1\/3&Prime;][common_icon_box style=\u00a0\u00bbpix-ibox-top\u00a0\u00bb position_with_center=\u00a0\u00bbpix-text-center\u00a0\u00bb icon_size=\u00a0\u00bbpix-icon-xl\u00a0\u00bb link=\u00a0\u00bburl:https%3A%2F%2Fmythicalcarsworldwide.fr%2Findex.php%2Freprogrammation%2F|title:Reprogrammation\u00a0\u00bb image=\u00a0\u00bb2360&Prime; title=\u00a0\u00bbLogistique \/ Transport\u00a0\u00bb btn_txt=\u00a0\u00bbread more\u00a0\u00bb]Votre partenaire pour vous simplifier tous vos transports de v\u00e9hicules, automobiles, motos, caravanes, remorques, bateaux, v\u00e9hicule en pannes ou de collections, des solutions simples et rapides de transport par la route.[\/common_icon_box][\/vc_column][vc_column width=\u00a0\u00bb1\/3&Prime;][common_icon_box style=\u00a0\u00bbpix-ibox-top\u00a0\u00bb position_with_center=\u00a0\u00bbpix-text-center\u00a0\u00bb icon_size=\u00a0\u00bbpix-icon-xl\u00a0\u00bb link=\u00a0\u00bburl:https%3A%2F%2Fmythicalcarsworldwide.fr%2Findex.php%2Freprogrammation%2F|title:Reprogrammation\u00a0\u00bb image=\u00a0\u00bb529&Prime; title=\u00a0\u00bbReprogrammation\u00a0\u00bb btn_txt=\u00a0\u00bbread more\u00a0\u00bb]La reprogrammation\u00a0moteur permet d&rsquo;augmenter le couple et la puissance de votre v\u00e9hicule tout en r\u00e9duisant sensiblement la consommation de carburant. Suite \u00e0 cette optimisation, vous prendrez tout simplement plus de plaisir au volant de votre voiture.[\/common_icon_box][\/vc_column][\/vc_row][vc_row full_width=\u00a0\u00bbstretch_row\u00a0\u00bb content_placement=\u00a0\u00bbmiddle\u00a0\u00bb pix_padding_top=\u00a0\u00bbpadding No\u00a0\u00bb pix_padding_bottom=\u00a0\u00bbpadding No\u00a0\u00bb ptextcolor=\u00a0\u00bbWhite\u00a0\u00bb overflow=\u00a0\u00bbon\u00a0\u00bb gradient_colors=\u00a0\u00bb%5B%7B%7D%5D\u00a0\u00bb awb_type=\u00a0\u00bbcolor\u00a0\u00bb awb_color=\u00a0\u00bb#ffffff\u00a0\u00bb][vc_column gradient_colors=\u00a0\u00bb%5B%7B%7D%5D\u00a0\u00bb offset=\u00a0\u00bbvc_hidden-xs\u00a0\u00bb][vc_row_inner equal_height=\u00a0\u00bbyes\u00a0\u00bb content_placement=\u00a0\u00bbmiddle\u00a0\u00bb pix_padding_top=\u00a0\u00bbpadding M\u00a0\u00bb pix_padding_bottom=\u00a0\u00bbpadding M\u00a0\u00bb overflow=\u00a0\u00bbon\u00a0\u00bb top_offset=\u00a0\u00bb80px\u00a0\u00bb gradient_colors=\u00a0\u00bb%5B%7B%7D%5D\u00a0\u00bb css=\u00a0\u00bb.vc_custom_1651678778615{margin-top: -170px !important;margin-right: 0px !important;margin-left: 0px !important;padding-right: 65px !important;padding-left: 65px !important;background-color: #0d0d0d !important;}\u00a0\u00bb][vc_column_inner width=\u00a0\u00bb1\/4&Prime;][common_title title=\u00a0\u00bbNous contacter\u00a0\u00bb padding=\u00a0\u00bboff\u00a0\u00bb position=\u00a0\u00bbtext-left\u00a0\u00bb color=\u00a0\u00bbwhite-heading\u00a0\u00bb][\/common_title][\/vc_column_inner][vc_column_inner width=\u00a0\u00bb1\/4&Prime;][vc_column_text css=\u00a0\u00bb.vc_custom_1651679926481{margin-bottom: 0px !important;}\u00a0\u00bb]<strong><span style=\"color: #ffffff;\"><a style=\"font-size: 30px; color: #ffffff;\" href=\"tel:0972660913\">09 72 66 09 13<\/a><\/span><\/strong>[\/vc_column_text][\/vc_column_inner][vc_column_inner width=\u00a0\u00bb1\/3&Prime;][vc_column_text css=\u00a0\u00bb.vc_custom_1651679003661{margin-bottom: 0px !important;padding-left: 20px !important;}\u00a0\u00bb]<span style=\"font-size: 17px; color: #bbbbbb;\">Nous nous ferons un plaisir de r\u00e9pondre \u00e0 toutes vos questions et de vous conseiller.<\/span>[\/vc_column_text][\/vc_column_inner][vc_column_inner width=\u00a0\u00bb1\/6&Prime;][\/vc_column_inner][\/vc_row_inner][\/vc_column][\/vc_row][vc_row full_width=\u00a0\u00bbstretch_row_content_no_spaces\u00a0\u00bb pix_padding_top=\u00a0\u00bbpadding XL\u00a0\u00bb pix_padding_bottom=\u00a0\u00bbpadding No\u00a0\u00bb ptextcolor=\u00a0\u00bbWhite\u00a0\u00bb gradient_colors=\u00a0\u00bb%5B%7B%7D%5D\u00a0\u00bb css=\u00a0\u00bb.vc_custom_1666005274864{padding-bottom: 70px !important;background: rgba(0,0,0,0.82) url(https:\/\/mythicalcarsworldwide.fr\/wp-content\/uploads\/2022\/10\/nsplsh_32587fa02f224a4c9cc38c53a05176c6_mv2.webp?id=3334) !important;background-position: center !important;background-repeat: no-repeat !important;background-size: cover !important;*background-color: rgb(0,0,0) !important;}\u00a0\u00bb][vc_column width=\u00a0\u00bb1\/2&Prime; gradient_colors=\u00a0\u00bb%5B%7B%7D%5D\u00a0\u00bb css=\u00a0\u00bb.vc_custom_1545064165788{padding-right: 25px !important;}\u00a0\u00bb][vc_single_image image=\u00a0\u00bb3117&Prime; img_size=\u00a0\u00bblarge\u00a0\u00bb css_animation=\u00a0\u00bbfadeInLeft\u00a0\u00bb][\/vc_column][vc_column width=\u00a0\u00bb1\/2&Prime; pix_not_stretch_content=\u00a0\u00bbpix-col-content-left\u00a0\u00bb gradient_colors=\u00a0\u00bb%5B%7B%7D%5D\u00a0\u00bb css=\u00a0\u00bb.vc_custom_1545411558272{padding-left: 10px !important;}\u00a0\u00bb][vc_row_inner gradient_colors=\u00a0\u00bb%5B%7B%7D%5D\u00a0\u00bb css=\u00a0\u00bb.vc_custom_1545410564261{margin-bottom: 20px !important;}\u00a0\u00bb][vc_column_inner width=\u00a0\u00bb1\/2&Prime;][common_icon_box style=\u00a0\u00bbpix-ibox-title-side\u00a0\u00bb image=\u00a0\u00bb2251&Prime; title=\u00a0\u00bbService d&rsquo;importation\u00a0\u00bb css=\u00a0\u00bb.vc_custom_1666005998375{padding-right: 25px !important;}\u00a0\u00bb][\/common_icon_box][\/vc_column_inner][vc_column_inner width=\u00a0\u00bb1\/2&Prime;][common_icon_box style=\u00a0\u00bbpix-ibox-title-side\u00a0\u00bb image=\u00a0\u00bb2250&Prime; title=\u00a0\u00bbPi\u00e8ces performance\u00a0\u00bb css=\u00a0\u00bb.vc_custom_1666005978286{padding-left: 25px !important;}\u00a0\u00bb][\/common_icon_box][\/vc_column_inner][\/vc_row_inner][vc_row_inner gradient_colors=\u00a0\u00bb%5B%7B%7D%5D\u00a0\u00bb][vc_column_inner width=\u00a0\u00bb1\/2&Prime;][common_icon_box style=\u00a0\u00bbpix-ibox-title-side\u00a0\u00bb image=\u00a0\u00bb2248&Prime; title=\u00a0\u00bbReprogrammation moteur\u00a0\u00bb css=\u00a0\u00bb.vc_custom_1666005966630{padding-right: 25px !important;}\u00a0\u00bb]<\/p>\n<div id=\"gtx-trans\" style=\"position: absolute; left: 242px; top: 38px;\">\n<div class=\"gtx-trans-icon\"><\/div>\n<\/div>\n<p>[\/common_icon_box][\/vc_column_inner][vc_column_inner width=\u00a0\u00bb1\/2&Prime;][common_icon_box style=\u00a0\u00bbpix-ibox-title-side\u00a0\u00bb image=\u00a0\u00bb2249&Prime; title=\u00a0\u00bbCovering\u00a0\u00bb css=\u00a0\u00bb.vc_custom_1666005934641{padding-left: 25px !important;}\u00a0\u00bb][\/common_icon_box][\/vc_column_inner][\/vc_row_inner][vc_row_inner gradient_colors=\u00a0\u00bb%5B%7B%7D%5D\u00a0\u00bb][vc_column_inner width=\u00a0\u00bb1\/2&Prime;][common_icon_box style=\u00a0\u00bbpix-ibox-title-side\u00a0\u00bb image=\u00a0\u00bb2258&Prime; title=\u00a0\u00bb\u00c9chappement sur-mesure\u00a0\u00bb css=\u00a0\u00bb.vc_custom_1666005923393{padding-right: 25px !important;}\u00a0\u00bb]<\/p>\n<div id=\"gtx-trans\" style=\"position: absolute; left: 242px; top: 38px;\">\n<div class=\"gtx-trans-icon\"><\/div>\n<\/div>\n<p>[\/common_icon_box][\/vc_column_inner][vc_column_inner width=\u00a0\u00bb1\/2&Prime;][common_icon_box style=\u00a0\u00bbpix-ibox-title-side\u00a0\u00bb image=\u00a0\u00bb2253&Prime; title=\u00a0\u00bbD\u00e9tailing\u00a0\u00bb css=\u00a0\u00bb.vc_custom_1666005911494{padding-left: 25px !important;}\u00a0\u00bb][\/common_icon_box][\/vc_column_inner][\/vc_row_inner][\/vc_column][\/vc_row]<\/p>\n","protected":false},"excerpt":{"rendered":"<p>[vc_row pix_padding_top=\u00a0\u00bbpadding No\u00a0\u00bb pix_padding_bottom=\u00a0\u00bbpadding No\u00a0\u00bb gradient_colors=\u00a0\u00bb%5B%7B%7D%5D\u00a0\u00bb][vc_column][\/vc_column][\/vc_row][vc_row pix_padding_top=\u00a0\u00bbpadding M\u00a0\u00bb pix_padding_bottom=\u00a0\u00bbpadding M\u00a0\u00bb gradient_colors=\u00a0\u00bb%5B%7B%7D%5D\u00a0\u00bb awb_type=\u00a0\u00bbcolor\u00a0\u00bb awb_stretch=\u00a0\u00bb1&Prime; awb_color=\u00a0\u00bb#f6f6f7&Prime; css=\u00a0\u00bb.vc_custom_1654554395645{border-bottom-width: 50px !important;}\u00a0\u00bb][vc_column width=\u00a0\u00bb1\/3&Prime;][common_icon_box style=\u00a0\u00bbpix-ibox-top\u00a0\u00bb radius=\u00a0\u00bbpix-rounded\u00a0\u00bb position_with_center=\u00a0\u00bbpix-text-center\u00a0\u00bb icon_size=\u00a0\u00bbpix-icon-xl\u00a0\u00bb link=\u00a0\u00bburl:https%3A%2F%2Fmythicalcarsworldwide.fr%2Findex.php%2Fimportation%2F|title:Importation\u00a0\u00bb image=\u00a0\u00bb513&Prime; title=\u00a0\u00bbImportation\u00a0\u00bb btn_txt=\u00a0\u00bbread more\u00a0\u00bb]Mythical Cars Worldwide vous accompagne dans la d\u00e9marche d\u2019import de v\u00e9hicules en France, gr\u00e2ce \u00e0 nos diff\u00e9rentes prestations. Avant tout, nous sommes passion\u00e9s d\u2019automobile, et souhaitons que votre future [&hellip;]<\/p>\n","protected":false},"author":1,"featured_media":0,"parent":0,"menu_order":0,"comment_status":"closed","ping_status":"closed","template":"page-home.php","meta":{"om_disable_all_campaigns":false,"_monsterinsights_skip_tracking":false,"_monsterinsights_sitenote_active":false,"_monsterinsights_sitenote_note":"","_monsterinsights_sitenote_category":0,"footnotes":""},"class_list":["post-106","page","type-page","status-publish","hentry"],"aioseo_notices":[],"_links":{"self":[{"href":"https:\/\/mythicalcarsworldwide.fr\/index.php\/wp-json\/wp\/v2\/pages\/106","targetHints":{"allow":["GET"]}}],"collection":[{"href":"https:\/\/mythicalcarsworldwide.fr\/index.php\/wp-json\/wp\/v2\/pages"}],"about":[{"href":"https:\/\/mythicalcarsworldwide.fr\/index.php\/wp-json\/wp\/v2\/types\/page"}],"author":[{"embeddable":true,"href":"https:\/\/mythicalcarsworldwide.fr\/index.php\/wp-json\/wp\/v2\/users\/1"}],"replies":[{"embeddable":true,"href":"https:\/\/mythicalcarsworldwide.fr\/index.php\/wp-json\/wp\/v2\/comments?post=106"}],"version-history":[{"count":47,"href":"https:\/\/mythicalcarsworldwide.fr\/index.php\/wp-json\/wp\/v2\/pages\/106\/revisions"}],"predecessor-version":[{"id":3408,"href":"https:\/\/mythicalcarsworldwide.fr\/index.php\/wp-json\/wp\/v2\/pages\/106\/revisions\/3408"}],"wp:attachment":[{"href":"https:\/\/mythicalcarsworldwide.fr\/index.php\/wp-json\/wp\/v2\/media?parent=106"}],"curies":[{"name":"wp","href":"https:\/\/api.w.org\/{rel}","templated":true}]}}