{"id":3124,"date":"2022-05-04T19:49:12","date_gmt":"2022-05-04T19:49:12","guid":{"rendered":"https:\/\/mythicalcarsworldwide.fr\/?page_id=3124"},"modified":"2022-07-17T15:35:23","modified_gmt":"2022-07-17T15:35:23","slug":"reprogrammation","status":"publish","type":"page","link":"https:\/\/mythicalcarsworldwide.fr\/index.php\/reprogrammation\/","title":{"rendered":"Reprogrammation"},"content":{"rendered":"<p>[vc_row pix_padding_top=\u00a0\u00bbpadding No\u00a0\u00bb pix_padding_bottom=\u00a0\u00bbpadding No\u00a0\u00bb gradient_colors=\u00a0\u00bb%5B%7B%7D%5D\u00a0\u00bb][vc_column]\n\t\t\t<!-- START Quattro Home REVOLUTION SLIDER 6.5.12 --><p class=\"rs-p-wp-fix\"><\/p>\n\t\t\t<rs-module-wrap id=\"rev_slider_1_1_wrapper\" data-source=\"gallery\" style=\"visibility:hidden;background:#262626;padding:0;margin:0px auto;margin-top:0;margin-bottom:0;\">\n\t\t\t\t<rs-module id=\"rev_slider_1_1\" style=\"\" data-version=\"6.5.12\">\n\t\t\t\t\t<rs-slides>\n\t\t\t\t\t\t<rs-slide style=\"position: absolute;\" data-key=\"rs-1\" data-title=\"Slide\" data-anim=\"ms:600;\" data-in=\"o:0;\" data-out=\"a:false;\">\n\t\t\t\t\t\t\t<img loading=\"lazy\" decoding=\"async\" src=\"\/\/mythicalcarsworldwide.fr\/wp-content\/plugins\/revslider\/public\/assets\/assets\/dummy.png\" alt=\"\" width=\"1920\" height=\"1080\" class=\"rev-slidebg tp-rs-img rs-lazyload\" data-lazyload=\"\/\/cdn.discordapp.com\/attachments\/494851302392594442\/971434903386349628\/unknown.png\" data-panzoom=\"d:10000;ss:100;se:102;\" data-no-retina>\n<!--\n\t\t\t\t\t\t\t--><a\n\t\t\t\t\t\t\t\tid=\"slider-1-slide-1-layer-3\" \n\t\t\t\t\t\t\t\tclass=\"rs-layer rev-btn rs-selectable\"\n\t\t\t\t\t\t\t\thref=\"https:\/\/mythicalcarsworldwide.fr\/index.php\/importation\/\" target=\"_self\" rel=\"nofollow\"\n\t\t\t\t\t\t\t\tdata-type=\"button\"\n\t\t\t\t\t\t\t\tdata-color=\"rgba(255,255,255,1)\"\n\t\t\t\t\t\t\t\tdata-xy=\"x:c,l,c,c;xo:150px,52px,-517px,0;y:m,t,t,t;yo:0,492px,517px,433px;\"\n\t\t\t\t\t\t\t\tdata-text=\"s:17,17,15,17;l:17;fw:500;a:inherit;\"\n\t\t\t\t\t\t\t\tdata-rsp_bd=\"off\"\n\t\t\t\t\t\t\t\tdata-padding=\"t:18;r:40;b:20;l:40;\"\n\t\t\t\t\t\t\t\tdata-frame_0=\"rX:-70deg;oZ:-50;\"\n\t\t\t\t\t\t\t\tdata-frame_1=\"oZ:-50;e:power4.inOut;sp:1750;\"\n\t\t\t\t\t\t\t\tdata-frame_999=\"o:0;st:w;sR:5690;\"\n\t\t\t\t\t\t\t\tdata-frame_hover=\"c:#000;bgc:#fff;boc:#000;bor:0px,0px,0px,0px;bos:solid;oX:50;oY:50;sp:0;\"\n\t\t\t\t\t\t\t\tstyle=\"z-index:8;background-color:#ff3737;font-family:'Jost';cursor:pointer;outline:none;box-shadow:none;box-sizing:border-box;-moz-box-sizing:border-box;-webkit-box-sizing:border-box;\"\n\t\t\t\t\t\t\t><i class=\"fa-check\"><\/i> J'ai trouv\u00e9 un v\u00e9hicule \n\t\t\t\t\t\t\t<\/a><!--\n\n\t\t\t\t\t\t\t--><rs-layer\n\t\t\t\t\t\t\t\tid=\"slider-1-slide-1-layer-5\" \n\t\t\t\t\t\t\t\tclass=\"rs-selectable\"\n\t\t\t\t\t\t\t\tdata-type=\"text\"\n\t\t\t\t\t\t\t\tdata-color=\"#fff\"\n\t\t\t\t\t\t\t\tdata-rsp_ch=\"on\"\n\t\t\t\t\t\t\t\tdata-xy=\"x:c;xo:1px,0,0,0;y:m;yo:-67px,-52px,-39px,-24px;\"\n\t\t\t\t\t\t\t\tdata-text=\"w:normal;s:40,31,23,14;l:50,39,29,17;a:center;\"\n\t\t\t\t\t\t\t\tdata-dim=\"minh:0px,none,none,none;\"\n\t\t\t\t\t\t\t\tdata-frame_1=\"st:500;sp:1660;sR:500;\"\n\t\t\t\t\t\t\t\tdata-frame_999=\"o:0;st:w;sR:3840;\"\n\t\t\t\t\t\t\t\tstyle=\"z-index:9;font-family:'Jost';\"\n\t\t\t\t\t\t\t>O\u00f9 en \u00eates-vous ? \n\t\t\t\t\t\t\t<\/rs-layer><!--\n\n\t\t\t\t\t\t\t--><a\n\t\t\t\t\t\t\t\tid=\"slider-1-slide-1-layer-6\" \n\t\t\t\t\t\t\t\tclass=\"rs-layer rev-btn rs-selectable\"\n\t\t\t\t\t\t\t\thref=\"https:\/\/mythicalcarsworldwide.fr\/index.php\/importation\/\" target=\"_self\" rel=\"nofollow\"\n\t\t\t\t\t\t\t\tdata-type=\"button\"\n\t\t\t\t\t\t\t\tdata-color=\"rgba(255,255,255,1)\"\n\t\t\t\t\t\t\t\tdata-xy=\"x:c,l,c,c;xo:-150px,52px,-517px,0;y:m,t,t,t;yo:1px,492px,517px,433px;\"\n\t\t\t\t\t\t\t\tdata-text=\"s:17,17,15,17;l:17;a:center,inherit,inherit,inherit;\"\n\t\t\t\t\t\t\t\tdata-rsp_bd=\"off\"\n\t\t\t\t\t\t\t\tdata-padding=\"t:18;r:40;b:20;l:40;\"\n\t\t\t\t\t\t\t\tdata-frame_0=\"rX:-70deg;oZ:-50;\"\n\t\t\t\t\t\t\t\tdata-frame_1=\"oZ:-50;e:power4.inOut;sp:1750;\"\n\t\t\t\t\t\t\t\tdata-frame_999=\"o:0;st:w;sR:5690;\"\n\t\t\t\t\t\t\t\tdata-frame_hover=\"c:#000;bgc:#fff;boc:#000;bor:0px,0px,0px,0px;bos:solid;oX:50;oY:50;sp:0;\"\n\t\t\t\t\t\t\t\tstyle=\"z-index:8;background-color:#bc2929;font-family:'Jost';cursor:pointer;outline:none;box-shadow:none;box-sizing:border-box;-moz-box-sizing:border-box;-webkit-box-sizing:border-box;\"\n\t\t\t\t\t\t\t><i class=\"fa-search\"><\/i>            Je recherche un v\u00e9hicule \n\t\t\t\t\t\t\t<\/a><!--\n-->\t\t\t\t\t\t<\/rs-slide>\n\t\t\t\t\t\t<rs-slide style=\"position: absolute;\" data-key=\"rs-15\" data-title=\"Slide\" data-in=\"o:0;\" data-out=\"a:false;\">\n\t\t\t\t\t\t\t<img loading=\"lazy\" decoding=\"async\" src=\"\/\/mythicalcarsworldwide.fr\/wp-content\/plugins\/revslider\/public\/assets\/assets\/dummy.png\" alt=\"\" title=\"voiture remorque\" width=\"2048\" height=\"1279\" class=\"rev-slidebg tp-rs-img rs-lazyload\" data-lazyload=\"\/\/mythicalcarsworldwide.fr\/wp-content\/uploads\/2023\/07\/BJT-RT6-95.jpg\" data-no-retina>\n<!--\n\t\t\t\t\t\t\t--><rs-layer\n\t\t\t\t\t\t\t\tid=\"slider-1-slide-15-layer-1\" \n\t\t\t\t\t\t\t\tclass=\"rs-selectable\"\n\t\t\t\t\t\t\t\tdata-type=\"text\"\n\t\t\t\t\t\t\t\tdata-color=\"#c4c4c4\"\n\t\t\t\t\t\t\t\tdata-rsp_ch=\"on\"\n\t\t\t\t\t\t\t\tdata-xy=\"x:c;xo:1px,0,0,0;y:m;\"\n\t\t\t\t\t\t\t\tdata-text=\"w:normal;s:40,31,23,14;l:50,39,29,17;a:center;\"\n\t\t\t\t\t\t\t\tdata-dim=\"minh:0px,none,none,none;\"\n\t\t\t\t\t\t\t\tdata-frame_1=\"st:500;sp:1660;sR:500;\"\n\t\t\t\t\t\t\t\tdata-frame_999=\"o:0;st:w;sR:3840;\"\n\t\t\t\t\t\t\t\tstyle=\"z-index:9;font-family:'Jost';\"\n\t\t\t\t\t\t\t>LA SOLUTION \u00c1 TOUTES VOS PROBL\u00c9MATIQUES DE TRANSPORT ET DE LOGISTIQUE \n\t\t\t\t\t\t\t<\/rs-layer><!--\n\n\t\t\t\t\t\t\t--><a\n\t\t\t\t\t\t\t\tid=\"slider-1-slide-15-layer-4\" \n\t\t\t\t\t\t\t\tclass=\"rs-layer rev-btn rs-selectable\"\n\t\t\t\t\t\t\t\thref=\"https:\/\/mythicalcarsworldwide.fr\/index.php\/logistique\/\" target=\"_self\" rel=\"nofollow\"\n\t\t\t\t\t\t\t\tdata-type=\"button\"\n\t\t\t\t\t\t\t\tdata-color=\"rgba(255,255,255,1)\"\n\t\t\t\t\t\t\t\tdata-xy=\"x:c,l,c,c;xo:0,52px,-517px,0;y:m,t,t,t;yo:79px,492px,517px,433px;\"\n\t\t\t\t\t\t\t\tdata-text=\"s:17,17,15,17;l:17;fw:500;a:inherit;\"\n\t\t\t\t\t\t\t\tdata-rsp_bd=\"off\"\n\t\t\t\t\t\t\t\tdata-padding=\"t:18;r:40;b:20;l:40;\"\n\t\t\t\t\t\t\t\tdata-frame_0=\"rX:-70deg;oZ:-50;\"\n\t\t\t\t\t\t\t\tdata-frame_1=\"oZ:-50;e:power4.inOut;st:1140;sp:2340;sR:1140;\"\n\t\t\t\t\t\t\t\tdata-frame_999=\"o:0;st:w;sR:2520;\"\n\t\t\t\t\t\t\t\tdata-frame_hover=\"c:#000;bgc:#fff;boc:#000;bor:0px,0px,0px,0px;bos:solid;oX:50;oY:50;sp:0;\"\n\t\t\t\t\t\t\t\tstyle=\"z-index:8;background-color:#e2a74f;font-family:'Jost';cursor:pointer;outline:none;box-shadow:none;box-sizing:border-box;-moz-box-sizing:border-box;-webkit-box-sizing:border-box;\"\n\t\t\t\t\t\t\t>D\u00e9couvrir \n\t\t\t\t\t\t\t<\/a><!--\n-->\t\t\t\t\t\t<\/rs-slide>\n\t\t\t\t\t<\/rs-slides>\n\t\t\t\t\t<rs-static-layers><!--\n\t\t\t\t\t--><\/rs-static-layers>\n\t\t\t\t<\/rs-module>\n\t\t\t\t<script>\n\t\t\t\t\tsetREVStartSize({c: 'rev_slider_1_1',rl:[1240,1024,778,480],el:[870,768,960,720],gw:[1300,1024,778,480],gh:[870,768,960,720],type:'standard',justify:'',layout:'fullwidth',mh:\"0\"});if (window.RS_MODULES!==undefined && window.RS_MODULES.modules!==undefined && window.RS_MODULES.modules[\"revslider11\"]!==undefined) {window.RS_MODULES.modules[\"revslider11\"].once = false;window.revapi1 = undefined;if (window.RS_MODULES.checkMinimal!==undefined) window.RS_MODULES.checkMinimal()}\n\t\t\t\t<\/script>\n\t\t\t<\/rs-module-wrap>\n\t\t\t<!-- END REVOLUTION SLIDER -->\n[\/vc_column][\/vc_row][vc_row pix_padding_top=\u00a0\u00bbpadding M\u00a0\u00bb pix_padding_bottom=\u00a0\u00bbpadding M\u00a0\u00bb gradient_colors=\u00a0\u00bb%5B%7B%7D%5D\u00a0\u00bb awb_type=\u00a0\u00bbcolor\u00a0\u00bb awb_stretch=\u00a0\u00bb1&Prime; awb_color=\u00a0\u00bb#f6f6f7&Prime; css=\u00a0\u00bb.vc_custom_1653068487044{background-color: #bcbcbc !important;}\u00a0\u00bb][vc_column][common_title title=\u00a0\u00bbNos services de reprogrammation moteur\u00a0\u00bb no_wrap=\u00a0\u00bbon\u00a0\u00bb show_decor=\u00a0\u00bboff\u00a0\u00bb]<\/p>\n<h6><em>by<\/em><\/h6>\n<p>[\/common_title][vc_single_image image=\u00a0\u00bb3254&Prime; img_size=\u00a0\u00bblarge\u00a0\u00bb alignment=\u00a0\u00bbcenter\u00a0\u00bb css=\u00a0\u00bb.vc_custom_1653068683514{margin-top: -70px !important;}\u00a0\u00bb][\/vc_column][vc_column width=\u00a0\u00bb1\/5&Prime;][common_icon_box style=\u00a0\u00bbpix-ibox-top\u00a0\u00bb radius=\u00a0\u00bbpix-rounded\u00a0\u00bb position_with_center=\u00a0\u00bbpix-text-center\u00a0\u00bb link=\u00a0\u00bburl:%2F|||\u00a0\u00bb image=\u00a0\u00bb3148&Prime; title=\u00a0\u00bbVoiture\u00a0\u00bb btn_txt=\u00a0\u00bbread more\u00a0\u00bb][\/common_icon_box][\/vc_column][vc_column width=\u00a0\u00bb1\/5&Prime;][common_icon_box style=\u00a0\u00bbpix-ibox-top\u00a0\u00bb position_with_center=\u00a0\u00bbpix-text-center\u00a0\u00bb link=\u00a0\u00bburl:%2F|||\u00a0\u00bb image=\u00a0\u00bb3144&Prime; title=\u00a0\u00bbMoto\u00a0\u00bb btn_txt=\u00a0\u00bbread more\u00a0\u00bb]<\/p>\n<p>[\/common_icon_box][\/vc_column][vc_column width=\u00a0\u00bb1\/5&Prime;][common_icon_box style=\u00a0\u00bbpix-ibox-top\u00a0\u00bb radius=\u00a0\u00bbpix-round\u00a0\u00bb position_with_center=\u00a0\u00bbpix-text-center\u00a0\u00bb link=\u00a0\u00bburl:%2F|||\u00a0\u00bb image=\u00a0\u00bb3146&Prime; title=\u00a0\u00bbCamion\u00a0\u00bb btn_txt=\u00a0\u00bbread more\u00a0\u00bb][\/common_icon_box][\/vc_column][vc_column width=\u00a0\u00bb1\/5&Prime;][common_icon_box style=\u00a0\u00bbpix-ibox-top\u00a0\u00bb radius=\u00a0\u00bbpix-round\u00a0\u00bb position_with_center=\u00a0\u00bbpix-text-center\u00a0\u00bb link=\u00a0\u00bburl:%2F|||\u00a0\u00bb image=\u00a0\u00bb3150&Prime; title=\u00a0\u00bbTracteur\u00a0\u00bb btn_txt=\u00a0\u00bbread more\u00a0\u00bb][\/common_icon_box][\/vc_column][vc_column width=\u00a0\u00bb1\/5&Prime;][common_icon_box style=\u00a0\u00bbpix-ibox-top\u00a0\u00bb radius=\u00a0\u00bbpix-rounded\u00a0\u00bb position_with_center=\u00a0\u00bbpix-text-center\u00a0\u00bb link=\u00a0\u00bburl:%2F|||\u00a0\u00bb image=\u00a0\u00bb3262&Prime; title=\u00a0\u00bbBateau\u00a0\u00bb btn_txt=\u00a0\u00bbread more\u00a0\u00bb][\/common_icon_box][\/vc_column][vc_column][common_title title=\u00a0\u00bbNous vous proposons diff\u00e9rents services \u00e0 domicile :\u00a0\u00bb show_sep=\u00a0\u00bbon\u00a0\u00bb]<\/p>\n<p style=\"text-align: center;\">Conversion \u00e0 l&rsquo;\u00e9thanol<br \/>\nReprogrammation puissance<br \/>\nReprogrammation baisse de la consommation<br \/>\nReprogrammation boite de vitesse AUTO<br \/>\nDiagnostic auto \/ moto \/ poids-lourd \/engins-agricole \/ bateaux<br \/>\nCorrection \u00e9lectronique FAP, EGR, DTC, Adblue<\/p>\n<p>[\/common_title][\/vc_column][\/vc_row][vc_row pix_padding_top=\u00a0\u00bbpadding XL\u00a0\u00bb pix_padding_bottom=\u00a0\u00bbpadding XL\u00a0\u00bb gradient_colors=\u00a0\u00bb%5B%7B%7D%5D\u00a0\u00bb][vc_column][common_title title=\u00a0\u00bbDemander un devis\u00a0\u00bb][\/common_title]<div class=\"wpforms-container wpforms-container-full\" id=\"wpforms-3159\"><form id=\"wpforms-form-3159\" class=\"wpforms-validate wpforms-form wpforms-ajax-form\" data-formid=\"3159\" method=\"post\" enctype=\"multipart\/form-data\" action=\"\/index.php\/wp-json\/wp\/v2\/pages\/3124\" data-token=\"c393c0adbd62b5c08086113013b586dc\"><noscript class=\"wpforms-error-noscript\">Veuillez activer JavaScript dans votre navigateur pour remplir ce formulaire.<\/noscript><div class=\"wpforms-field-container\"><div id=\"wpforms-3159-field_0-container\" class=\"wpforms-field wpforms-field-name\" data-field-id=\"0\"><label class=\"wpforms-field-label\" for=\"wpforms-3159-field_0\">Nom et Pr\u00e9nom <span class=\"wpforms-required-label\">*<\/span><\/label><div class=\"wpforms-field-row wpforms-field-medium\"><div class=\"wpforms-field-row-block wpforms-first wpforms-one-half\"><input type=\"text\" id=\"wpforms-3159-field_0\" class=\"wpforms-field-name-first wpforms-field-required\" name=\"wpforms[fields][0][first]\" required><label for=\"wpforms-3159-field_0\" class=\"wpforms-field-sublabel after \">Pr\u00e9nom<\/label><\/div><div class=\"wpforms-field-row-block wpforms-one-half\"><input type=\"text\" id=\"wpforms-3159-field_0-last\" class=\"wpforms-field-name-last wpforms-field-required\" name=\"wpforms[fields][0][last]\" required><label for=\"wpforms-3159-field_0-last\" class=\"wpforms-field-sublabel after \">Nom<\/label><\/div><\/div><\/div><div id=\"wpforms-3159-field_1-container\" class=\"wpforms-field wpforms-field-email\" data-field-id=\"1\"><label class=\"wpforms-field-label\" for=\"wpforms-3159-field_1\">Email <span class=\"wpforms-required-label\">*<\/span><\/label><input type=\"email\" id=\"wpforms-3159-field_1\" class=\"wpforms-field-medium wpforms-field-required\" name=\"wpforms[fields][1]\" required><\/div><div id=\"wpforms-3159-field_3-container\" class=\"wpforms-field wpforms-field-text\" data-field-id=\"3\"><label class=\"wpforms-field-label\" for=\"wpforms-3159-field_3\">Num\u00e9ro de t\u00e9l\u00e9phone <span class=\"wpforms-required-label\">*<\/span><\/label><input type=\"text\" id=\"wpforms-3159-field_3\" class=\"wpforms-field-medium wpforms-field-required\" name=\"wpforms[fields][3]\" required><\/div><div id=\"wpforms-3159-field_4-container\" class=\"wpforms-field wpforms-field-checkbox wpforms-list-inline\" data-field-id=\"4\"><label class=\"wpforms-field-label\" for=\"wpforms-3159-field_4\">Prestation(s) souhait\u00e9e(s)  <span class=\"wpforms-required-label\">*<\/span><\/label><ul id=\"wpforms-3159-field_4\" class=\"wpforms-field-required\"><li class=\"choice-1 depth-1\"><input type=\"checkbox\" id=\"wpforms-3159-field_4_1\" name=\"wpforms[fields][4][]\" value=\"Stage 1 \" required ><label class=\"wpforms-field-label-inline\" for=\"wpforms-3159-field_4_1\">Stage 1 <\/label><\/li><li class=\"choice-3 depth-1\"><input type=\"checkbox\" id=\"wpforms-3159-field_4_3\" name=\"wpforms[fields][4][]\" value=\"E85\" required ><label class=\"wpforms-field-label-inline\" for=\"wpforms-3159-field_4_3\">E85<\/label><\/li><li class=\"choice-4 depth-1\"><input type=\"checkbox\" id=\"wpforms-3159-field_4_4\" name=\"wpforms[fields][4][]\" value=\"E85 Stage 1\" required ><label class=\"wpforms-field-label-inline\" for=\"wpforms-3159-field_4_4\">E85 Stage 1<\/label><\/li><li class=\"choice-2 depth-1\"><input type=\"checkbox\" id=\"wpforms-3159-field_4_2\" name=\"wpforms[fields][4][]\" value=\"Reprogrammation Boite de vitesse AUTO\" required ><label class=\"wpforms-field-label-inline\" for=\"wpforms-3159-field_4_2\">Reprogrammation Boite de vitesse AUTO<\/label><\/li><li class=\"choice-5 depth-1\"><input type=\"checkbox\" id=\"wpforms-3159-field_4_5\" name=\"wpforms[fields][4][]\" value=\"POP&amp;BANG\" required ><label class=\"wpforms-field-label-inline\" for=\"wpforms-3159-field_4_5\">POP&amp;BANG<\/label><\/li><li class=\"choice-6 depth-1\"><input type=\"checkbox\" id=\"wpforms-3159-field_4_6\" name=\"wpforms[fields][4][]\" value=\"Diagnostique v\u00e9hicule - Correction \u00e9lectronique (FAP, EGR, DTC, Adblue)\" required ><label class=\"wpforms-field-label-inline\" for=\"wpforms-3159-field_4_6\">Diagnostique v\u00e9hicule - Correction \u00e9lectronique (FAP, EGR, DTC, Adblue)<\/label><\/li><\/ul><\/div><div id=\"wpforms-3159-field_2-container\" class=\"wpforms-field wpforms-field-textarea\" data-field-id=\"2\"><label class=\"wpforms-field-label\" for=\"wpforms-3159-field_2\">Message (Facultatif)<\/label><textarea id=\"wpforms-3159-field_2\" class=\"wpforms-field-medium\" name=\"wpforms[fields][2]\" ><\/textarea><\/div><\/div><div class=\"wpforms-submit-container\"><input type=\"hidden\" name=\"wpforms[id]\" value=\"3159\"><input type=\"hidden\" name=\"wpforms[author]\" value=\"1\"><button type=\"submit\" name=\"wpforms[submit]\" id=\"wpforms-submit-3159\" class=\"wpforms-submit\" data-alt-text=\"Envoie....\" data-submit-text=\"Envoyer\" aria-live=\"assertive\" value=\"wpforms-submit\">Envoyer<\/button><img loading=\"lazy\" decoding=\"async\" src=\"https:\/\/mythicalcarsworldwide.fr\/wp-content\/plugins\/wpforms\/assets\/images\/submit-spin.svg\" class=\"wpforms-submit-spinner\" style=\"display: none;\" width=\"26\" height=\"26\" alt=\"Chargement en cours\"><\/div><\/form><\/div>  <!-- .wpforms-container -->[\/vc_column][\/vc_row]<\/p>\n","protected":false},"excerpt":{"rendered":"<p>[vc_row pix_padding_top=\u00a0\u00bbpadding No\u00a0\u00bb pix_padding_bottom=\u00a0\u00bbpadding No\u00a0\u00bb gradient_colors=\u00a0\u00bb%5B%7B%7D%5D\u00a0\u00bb][vc_column][\/vc_column][\/vc_row][vc_row pix_padding_top=\u00a0\u00bbpadding M\u00a0\u00bb pix_padding_bottom=\u00a0\u00bbpadding M\u00a0\u00bb gradient_colors=\u00a0\u00bb%5B%7B%7D%5D\u00a0\u00bb awb_type=\u00a0\u00bbcolor\u00a0\u00bb awb_stretch=\u00a0\u00bb1&Prime; awb_color=\u00a0\u00bb#f6f6f7&Prime; css=\u00a0\u00bb.vc_custom_1653068487044{background-color: #bcbcbc !important;}\u00a0\u00bb][vc_column][common_title title=\u00a0\u00bbNos services de reprogrammation moteur\u00a0\u00bb no_wrap=\u00a0\u00bbon\u00a0\u00bb show_decor=\u00a0\u00bboff\u00a0\u00bb] by [\/common_title][vc_single_image image=\u00a0\u00bb3254&Prime; img_size=\u00a0\u00bblarge\u00a0\u00bb alignment=\u00a0\u00bbcenter\u00a0\u00bb css=\u00a0\u00bb.vc_custom_1653068683514{margin-top: -70px !important;}\u00a0\u00bb][\/vc_column][vc_column width=\u00a0\u00bb1\/5&Prime;][common_icon_box style=\u00a0\u00bbpix-ibox-top\u00a0\u00bb radius=\u00a0\u00bbpix-rounded\u00a0\u00bb position_with_center=\u00a0\u00bbpix-text-center\u00a0\u00bb link=\u00a0\u00bburl:%2F|||\u00a0\u00bb image=\u00a0\u00bb3148&Prime; title=\u00a0\u00bbVoiture\u00a0\u00bb btn_txt=\u00a0\u00bbread more\u00a0\u00bb][\/common_icon_box][\/vc_column][vc_column width=\u00a0\u00bb1\/5&Prime;][common_icon_box style=\u00a0\u00bbpix-ibox-top\u00a0\u00bb position_with_center=\u00a0\u00bbpix-text-center\u00a0\u00bb link=\u00a0\u00bburl:%2F|||\u00a0\u00bb image=\u00a0\u00bb3144&Prime; title=\u00a0\u00bbMoto\u00a0\u00bb btn_txt=\u00a0\u00bbread more\u00a0\u00bb] [\/common_icon_box][\/vc_column][vc_column width=\u00a0\u00bb1\/5&Prime;][common_icon_box style=\u00a0\u00bbpix-ibox-top\u00a0\u00bb radius=\u00a0\u00bbpix-round\u00a0\u00bb position_with_center=\u00a0\u00bbpix-text-center\u00a0\u00bb link=\u00a0\u00bburl:%2F|||\u00a0\u00bb [&hellip;]<\/p>\n","protected":false},"author":1,"featured_media":0,"parent":0,"menu_order":0,"comment_status":"closed","ping_status":"closed","template":"page-home.php","meta":{"om_disable_all_campaigns":false,"_monsterinsights_skip_tracking":false,"_monsterinsights_sitenote_active":false,"_monsterinsights_sitenote_note":"","_monsterinsights_sitenote_category":0,"footnotes":""},"class_list":["post-3124","page","type-page","status-publish","hentry"],"aioseo_notices":[],"_links":{"self":[{"href":"https:\/\/mythicalcarsworldwide.fr\/index.php\/wp-json\/wp\/v2\/pages\/3124","targetHints":{"allow":["GET"]}}],"collection":[{"href":"https:\/\/mythicalcarsworldwide.fr\/index.php\/wp-json\/wp\/v2\/pages"}],"about":[{"href":"https:\/\/mythicalcarsworldwide.fr\/index.php\/wp-json\/wp\/v2\/types\/page"}],"author":[{"embeddable":true,"href":"https:\/\/mythicalcarsworldwide.fr\/index.php\/wp-json\/wp\/v2\/users\/1"}],"replies":[{"embeddable":true,"href":"https:\/\/mythicalcarsworldwide.fr\/index.php\/wp-json\/wp\/v2\/comments?post=3124"}],"version-history":[{"count":52,"href":"https:\/\/mythicalcarsworldwide.fr\/index.php\/wp-json\/wp\/v2\/pages\/3124\/revisions"}],"predecessor-version":[{"id":3323,"href":"https:\/\/mythicalcarsworldwide.fr\/index.php\/wp-json\/wp\/v2\/pages\/3124\/revisions\/3323"}],"wp:attachment":[{"href":"https:\/\/mythicalcarsworldwide.fr\/index.php\/wp-json\/wp\/v2\/media?parent=3124"}],"curies":[{"name":"wp","href":"https:\/\/api.w.org\/{rel}","templated":true}]}}