{"id":3358,"date":"2023-07-24T19:26:40","date_gmt":"2023-07-24T19:26:40","guid":{"rendered":"https:\/\/mythicalcarsworldwide.fr\/?page_id=3358"},"modified":"2023-11-24T15:17:25","modified_gmt":"2023-11-24T15:17:25","slug":"logistique","status":"publish","type":"page","link":"https:\/\/mythicalcarsworldwide.fr\/index.php\/logistique\/","title":{"rendered":"Logistique"},"content":{"rendered":"<p>[vc_row pix_padding_top=\u00a0\u00bbpadding No\u00a0\u00bb pix_padding_bottom=\u00a0\u00bbpadding No\u00a0\u00bb gradient_colors=\u00a0\u00bb%5B%7B%7D%5D\u00a0\u00bb][vc_column]\n\t\t\t<!-- START Quattro Home REVOLUTION SLIDER 6.5.12 --><p class=\"rs-p-wp-fix\"><\/p>\n\t\t\t<rs-module-wrap id=\"rev_slider_1_1_wrapper\" data-source=\"gallery\" style=\"visibility:hidden;background:#262626;padding:0;margin:0px auto;margin-top:0;margin-bottom:0;\">\n\t\t\t\t<rs-module id=\"rev_slider_1_1\" style=\"\" data-version=\"6.5.12\">\n\t\t\t\t\t<rs-slides>\n\t\t\t\t\t\t<rs-slide style=\"position: absolute;\" data-key=\"rs-1\" data-title=\"Slide\" data-anim=\"ms:600;\" data-in=\"o:0;\" data-out=\"a:false;\">\n\t\t\t\t\t\t\t<img loading=\"lazy\" decoding=\"async\" src=\"\/\/mythicalcarsworldwide.fr\/wp-content\/plugins\/revslider\/public\/assets\/assets\/dummy.png\" alt=\"\" width=\"1920\" height=\"1080\" class=\"rev-slidebg tp-rs-img rs-lazyload\" data-lazyload=\"\/\/cdn.discordapp.com\/attachments\/494851302392594442\/971434903386349628\/unknown.png\" data-panzoom=\"d:10000;ss:100;se:102;\" data-no-retina>\n<!--\n\t\t\t\t\t\t\t--><a\n\t\t\t\t\t\t\t\tid=\"slider-1-slide-1-layer-3\" \n\t\t\t\t\t\t\t\tclass=\"rs-layer rev-btn rs-selectable\"\n\t\t\t\t\t\t\t\thref=\"https:\/\/mythicalcarsworldwide.fr\/index.php\/importation\/\" target=\"_self\" rel=\"nofollow\"\n\t\t\t\t\t\t\t\tdata-type=\"button\"\n\t\t\t\t\t\t\t\tdata-color=\"rgba(255,255,255,1)\"\n\t\t\t\t\t\t\t\tdata-xy=\"x:c,l,c,c;xo:150px,52px,-517px,0;y:m,t,t,t;yo:0,492px,517px,433px;\"\n\t\t\t\t\t\t\t\tdata-text=\"s:17,17,15,17;l:17;fw:500;a:inherit;\"\n\t\t\t\t\t\t\t\tdata-rsp_bd=\"off\"\n\t\t\t\t\t\t\t\tdata-padding=\"t:18;r:40;b:20;l:40;\"\n\t\t\t\t\t\t\t\tdata-frame_0=\"rX:-70deg;oZ:-50;\"\n\t\t\t\t\t\t\t\tdata-frame_1=\"oZ:-50;e:power4.inOut;sp:1750;\"\n\t\t\t\t\t\t\t\tdata-frame_999=\"o:0;st:w;sR:5690;\"\n\t\t\t\t\t\t\t\tdata-frame_hover=\"c:#000;bgc:#fff;boc:#000;bor:0px,0px,0px,0px;bos:solid;oX:50;oY:50;sp:0;\"\n\t\t\t\t\t\t\t\tstyle=\"z-index:8;background-color:#ff3737;font-family:'Jost';cursor:pointer;outline:none;box-shadow:none;box-sizing:border-box;-moz-box-sizing:border-box;-webkit-box-sizing:border-box;\"\n\t\t\t\t\t\t\t><i class=\"fa-check\"><\/i> J'ai trouv\u00e9 un v\u00e9hicule \n\t\t\t\t\t\t\t<\/a><!--\n\n\t\t\t\t\t\t\t--><rs-layer\n\t\t\t\t\t\t\t\tid=\"slider-1-slide-1-layer-5\" \n\t\t\t\t\t\t\t\tclass=\"rs-selectable\"\n\t\t\t\t\t\t\t\tdata-type=\"text\"\n\t\t\t\t\t\t\t\tdata-color=\"#fff\"\n\t\t\t\t\t\t\t\tdata-rsp_ch=\"on\"\n\t\t\t\t\t\t\t\tdata-xy=\"x:c;xo:1px,0,0,0;y:m;yo:-67px,-52px,-39px,-24px;\"\n\t\t\t\t\t\t\t\tdata-text=\"w:normal;s:40,31,23,14;l:50,39,29,17;a:center;\"\n\t\t\t\t\t\t\t\tdata-dim=\"minh:0px,none,none,none;\"\n\t\t\t\t\t\t\t\tdata-frame_1=\"st:500;sp:1660;sR:500;\"\n\t\t\t\t\t\t\t\tdata-frame_999=\"o:0;st:w;sR:3840;\"\n\t\t\t\t\t\t\t\tstyle=\"z-index:9;font-family:'Jost';\"\n\t\t\t\t\t\t\t>O\u00f9 en \u00eates-vous ? \n\t\t\t\t\t\t\t<\/rs-layer><!--\n\n\t\t\t\t\t\t\t--><a\n\t\t\t\t\t\t\t\tid=\"slider-1-slide-1-layer-6\" \n\t\t\t\t\t\t\t\tclass=\"rs-layer rev-btn rs-selectable\"\n\t\t\t\t\t\t\t\thref=\"https:\/\/mythicalcarsworldwide.fr\/index.php\/importation\/\" target=\"_self\" rel=\"nofollow\"\n\t\t\t\t\t\t\t\tdata-type=\"button\"\n\t\t\t\t\t\t\t\tdata-color=\"rgba(255,255,255,1)\"\n\t\t\t\t\t\t\t\tdata-xy=\"x:c,l,c,c;xo:-150px,52px,-517px,0;y:m,t,t,t;yo:1px,492px,517px,433px;\"\n\t\t\t\t\t\t\t\tdata-text=\"s:17,17,15,17;l:17;a:center,inherit,inherit,inherit;\"\n\t\t\t\t\t\t\t\tdata-rsp_bd=\"off\"\n\t\t\t\t\t\t\t\tdata-padding=\"t:18;r:40;b:20;l:40;\"\n\t\t\t\t\t\t\t\tdata-frame_0=\"rX:-70deg;oZ:-50;\"\n\t\t\t\t\t\t\t\tdata-frame_1=\"oZ:-50;e:power4.inOut;sp:1750;\"\n\t\t\t\t\t\t\t\tdata-frame_999=\"o:0;st:w;sR:5690;\"\n\t\t\t\t\t\t\t\tdata-frame_hover=\"c:#000;bgc:#fff;boc:#000;bor:0px,0px,0px,0px;bos:solid;oX:50;oY:50;sp:0;\"\n\t\t\t\t\t\t\t\tstyle=\"z-index:8;background-color:#bc2929;font-family:'Jost';cursor:pointer;outline:none;box-shadow:none;box-sizing:border-box;-moz-box-sizing:border-box;-webkit-box-sizing:border-box;\"\n\t\t\t\t\t\t\t><i class=\"fa-search\"><\/i>            Je recherche un v\u00e9hicule \n\t\t\t\t\t\t\t<\/a><!--\n-->\t\t\t\t\t\t<\/rs-slide>\n\t\t\t\t\t\t<rs-slide style=\"position: absolute;\" data-key=\"rs-15\" data-title=\"Slide\" data-in=\"o:0;\" data-out=\"a:false;\">\n\t\t\t\t\t\t\t<img loading=\"lazy\" decoding=\"async\" src=\"\/\/mythicalcarsworldwide.fr\/wp-content\/plugins\/revslider\/public\/assets\/assets\/dummy.png\" alt=\"\" title=\"voiture remorque\" width=\"2048\" height=\"1279\" class=\"rev-slidebg tp-rs-img rs-lazyload\" data-lazyload=\"\/\/mythicalcarsworldwide.fr\/wp-content\/uploads\/2023\/07\/BJT-RT6-95.jpg\" data-no-retina>\n<!--\n\t\t\t\t\t\t\t--><rs-layer\n\t\t\t\t\t\t\t\tid=\"slider-1-slide-15-layer-1\" \n\t\t\t\t\t\t\t\tclass=\"rs-selectable\"\n\t\t\t\t\t\t\t\tdata-type=\"text\"\n\t\t\t\t\t\t\t\tdata-color=\"#c4c4c4\"\n\t\t\t\t\t\t\t\tdata-rsp_ch=\"on\"\n\t\t\t\t\t\t\t\tdata-xy=\"x:c;xo:1px,0,0,0;y:m;\"\n\t\t\t\t\t\t\t\tdata-text=\"w:normal;s:40,31,23,14;l:50,39,29,17;a:center;\"\n\t\t\t\t\t\t\t\tdata-dim=\"minh:0px,none,none,none;\"\n\t\t\t\t\t\t\t\tdata-frame_1=\"st:500;sp:1660;sR:500;\"\n\t\t\t\t\t\t\t\tdata-frame_999=\"o:0;st:w;sR:3840;\"\n\t\t\t\t\t\t\t\tstyle=\"z-index:9;font-family:'Jost';\"\n\t\t\t\t\t\t\t>LA SOLUTION \u00c1 TOUTES VOS PROBL\u00c9MATIQUES DE TRANSPORT ET DE LOGISTIQUE \n\t\t\t\t\t\t\t<\/rs-layer><!--\n\n\t\t\t\t\t\t\t--><a\n\t\t\t\t\t\t\t\tid=\"slider-1-slide-15-layer-4\" \n\t\t\t\t\t\t\t\tclass=\"rs-layer rev-btn rs-selectable\"\n\t\t\t\t\t\t\t\thref=\"https:\/\/mythicalcarsworldwide.fr\/index.php\/logistique\/\" target=\"_self\" rel=\"nofollow\"\n\t\t\t\t\t\t\t\tdata-type=\"button\"\n\t\t\t\t\t\t\t\tdata-color=\"rgba(255,255,255,1)\"\n\t\t\t\t\t\t\t\tdata-xy=\"x:c,l,c,c;xo:0,52px,-517px,0;y:m,t,t,t;yo:79px,492px,517px,433px;\"\n\t\t\t\t\t\t\t\tdata-text=\"s:17,17,15,17;l:17;fw:500;a:inherit;\"\n\t\t\t\t\t\t\t\tdata-rsp_bd=\"off\"\n\t\t\t\t\t\t\t\tdata-padding=\"t:18;r:40;b:20;l:40;\"\n\t\t\t\t\t\t\t\tdata-frame_0=\"rX:-70deg;oZ:-50;\"\n\t\t\t\t\t\t\t\tdata-frame_1=\"oZ:-50;e:power4.inOut;st:1140;sp:2340;sR:1140;\"\n\t\t\t\t\t\t\t\tdata-frame_999=\"o:0;st:w;sR:2520;\"\n\t\t\t\t\t\t\t\tdata-frame_hover=\"c:#000;bgc:#fff;boc:#000;bor:0px,0px,0px,0px;bos:solid;oX:50;oY:50;sp:0;\"\n\t\t\t\t\t\t\t\tstyle=\"z-index:8;background-color:#e2a74f;font-family:'Jost';cursor:pointer;outline:none;box-shadow:none;box-sizing:border-box;-moz-box-sizing:border-box;-webkit-box-sizing:border-box;\"\n\t\t\t\t\t\t\t>D\u00e9couvrir \n\t\t\t\t\t\t\t<\/a><!--\n-->\t\t\t\t\t\t<\/rs-slide>\n\t\t\t\t\t<\/rs-slides>\n\t\t\t\t\t<rs-static-layers><!--\n\t\t\t\t\t--><\/rs-static-layers>\n\t\t\t\t<\/rs-module>\n\t\t\t\t<script>\n\t\t\t\t\tsetREVStartSize({c: 'rev_slider_1_1',rl:[1240,1024,778,480],el:[870,768,960,720],gw:[1300,1024,778,480],gh:[870,768,960,720],type:'standard',justify:'',layout:'fullwidth',mh:\"0\"});if (window.RS_MODULES!==undefined && window.RS_MODULES.modules!==undefined && window.RS_MODULES.modules[\"revslider11\"]!==undefined) {window.RS_MODULES.modules[\"revslider11\"].once = false;window.revapi1 = undefined;if (window.RS_MODULES.checkMinimal!==undefined) window.RS_MODULES.checkMinimal()}\n\t\t\t\t<\/script>\n\t\t\t<\/rs-module-wrap>\n\t\t\t<!-- END REVOLUTION SLIDER -->\n[\/vc_column][\/vc_row][vc_row][vc_column][vc_column_text]<\/p>\n<h4 class=\"p1\" style=\"text-align: center;\"><strong>LOUEURS, CONCESSIONNAIRES, MANDATAIRES, GESTIONNAIRES DE FLOTTE OU PARTICULIERS<\/strong><\/h4>\n<h4 class=\"p1\" style=\"text-align: center;\"><strong>LA SOLUTION \u00c1 TOUTES VOS PROBL\u00c9MATIQUES DE TRANSPORT ET DE LOGISTIQUE<\/strong><\/h4>\n<p>[\/vc_column_text][vc_text_separator title=\u00a0\u00bbQui sommes-nous ?\u00a0\u00bb][vc_column_text]<\/p>\n<p class=\"p1\">Votre partenaire pour vous simplifier tous vos transports de v\u00e9hicules, automobiles, motos, caravanes, remorques, bateaux, v\u00e9hicule en pannes ou de collections, des solutions simples et rapides de transport par la route.<\/p>\n<p class=\"p1\">Avec des chauffeurs aux profils compl\u00e9mentaires et form\u00e9s aux diff\u00e9rentes activit\u00e9s, nous vous assurons des services adapt\u00e9s \u00e0 vos besoins, tout en respectant vos contraintes et objectifs.<\/p>\n<p class=\"p1\">Nous garantissons, les obligations l\u00e9gales, juridique et fiscales de nos intervenants. Nous<span class=\"Apple-converted-space\">\u00a0 <\/span>d\u00e9veloppons avec vous votre volont\u00e9 \u00e0 l\u2019\u00e9co responsabilit\u00e9 en coordonnant les trajets de nos chauffeurs pour limiter l\u2019intact environnementale.<\/p>\n<p class=\"p1\">MCW, c\u2019est \u00e9galement une r\u00e9ponse personnalis\u00e9e de services conciergerie, comme la r\u00e9cup\u00e9ration des v\u00e9hicules de vos clients pour les entretiens ou r\u00e9paration, la prise de rendez-vous pour les contr\u00f4les techniques avec d\u00e9pose et livraison, le nettoyage int\u00e9rieur et ext\u00e9rieur des v\u00e9hicules, la pr\u00e9paration moteur, le passage \u00e0 l\u2019\u00e9thanol, la recherche d\u2019assurances au meilleur prix et bien d\u2019autres services.<\/p>\n<p>[\/vc_column_text][\/vc_column][\/vc_row][vc_row][vc_column width=\u00a0\u00bb2\/3&Prime;][vc_text_separator title=\u00a0\u00bbAvantages cl\u00e9s pour vous\u00a0\u00bb][vc_column_text]<\/p>\n<ul>\n<li class=\"p1\">Prise en charge sous 48h livraison en France,<\/li>\n<li class=\"p1\">Acc\u00e9dez \u00e0 notre r\u00e9seau de chauffeurs s\u00e9lectionn\u00e9s pour leur fiabilit\u00e9 et leur r\u00e9activit\u00e9.<\/li>\n<li class=\"p1\">Services de conciergerie,<\/li>\n<li class=\"p1\">Tarifs garantis,<\/li>\n<li class=\"p1\">L&rsquo;assurance du transport du v\u00e9hicule est incluse.<\/li>\n<\/ul>\n<p>[\/vc_column_text][\/vc_column][vc_column width=\u00a0\u00bb1\/3&Prime;][vc_single_image image=\u00a0\u00bb3373&Prime; img_size=\u00a0\u00bbmedium\u00a0\u00bb alignment=\u00a0\u00bbcenter\u00a0\u00bb style=\u00a0\u00bbvc_box_shadow_3d\u00a0\u00bb][\/vc_column][\/vc_row][vc_row][vc_column width=\u00a0\u00bb1\/4&Prime;][vc_single_image image=\u00a0\u00bb3374&Prime; img_size=\u00a0\u00bbmedium\u00a0\u00bb alignment=\u00a0\u00bbcenter\u00a0\u00bb style=\u00a0\u00bbvc_box_shadow_3d\u00a0\u00bb][\/vc_column][vc_column width=\u00a0\u00bb3\/4&Prime;][vc_text_separator title=\u00a0\u00bbVos documents digitalis\u00e9s\u00a0\u00bb][vc_column_text]<\/p>\n<p class=\"p1\">Gagnez du temps sur la gestion de tous vos documents de transport et pilotez via une seule interface intuitive.<\/p>\n<ul>\n<li class=\"p1\">Organisez vos transports en 1 clic.<\/li>\n<li class=\"p1\">Choisissez la formule la plus adapt\u00e9.<\/li>\n<li class=\"p1\">Suivez l&rsquo;ensemble de vos transports en temps r\u00e9el.<\/li>\n<\/ul>\n<p>[\/vc_column_text][\/vc_column][\/vc_row][vc_row][vc_column width=\u00a0\u00bb2\/3&Prime;][vc_text_separator title=\u00a0\u00bbOptimisez le traitement de vos commandes\u00a0\u00bb][vc_column_text]<\/p>\n<ul>\n<li class=\"p1\">Commandez, modifiez, annulez, en ligne<\/li>\n<li class=\"p1\">Affichez imm\u00e9diatement un prix garanti, chez nous les chauffeurs sont r\u00e9mun\u00e9r\u00e9s \u00e0 hauteur de 75% du prix conclus frais de route inclus.<\/li>\n<li class=\"p1\">G\u00e9rez un carnet d&rsquo;adresses pour encore plus de rapidit\u00e9,<\/li>\n<\/ul>\n<p>[\/vc_column_text][\/vc_column][vc_column width=\u00a0\u00bb1\/3&Prime;][vc_single_image image=\u00a0\u00bb3375&Prime; img_size=\u00a0\u00bbmedium\u00a0\u00bb alignment=\u00a0\u00bbcenter\u00a0\u00bb style=\u00a0\u00bbvc_box_shadow_3d\u00a0\u00bb][\/vc_column][\/vc_row][vc_row][vc_column width=\u00a0\u00bb1\/4&Prime;][vc_single_image image=\u00a0\u00bb3377&Prime; img_size=\u00a0\u00bbmedium\u00a0\u00bb alignment=\u00a0\u00bbcenter\u00a0\u00bb style=\u00a0\u00bbvc_box_shadow_3d\u00a0\u00bb][\/vc_column][vc_column width=\u00a0\u00bb3\/4&Prime;][vc_text_separator title=\u00a0\u00bbInt\u00e9grez les fonctionnalit\u00e9s \u2028\u00e0 vos outils avec l&rsquo;API\u00a0\u00bb][vc_column_text]<\/p>\n<ul>\n<li class=\"p1\">Affichez vos tarifs de livraison \u00e0 vos clients<\/li>\n<li class=\"p1\">Int\u00e9grez le passage de commande simplifi\u00e9 \u00e0 vos outils,<\/li>\n<li class=\"p1\">Pilotez toutes les donn\u00e9es de suivi dans vos outils,<\/li>\n<\/ul>\n<p>[\/vc_column_text][\/vc_column][\/vc_row][vc_row][vc_column][vc_column_text]<\/p>\n<p class=\"p1\" style=\"text-align: center;\"><strong><em>Chez MCW , vous pouvez obtenir votre tarif en ligne et programmer le transport avec chauffeurs ou le remorquage de porte \u00e0 porte en seulement quelques clics.<\/em><\/strong><\/p>\n<p>&nbsp;<\/p>\n<p class=\"p1\" style=\"text-align: center;\"><strong>Combien co\u00fbte ce service de transport ?<\/strong><\/p>\n<p class=\"p1\" style=\"text-align: center;\">Le tarif de votre remorquage d\u00e9pend de la distance \u00e0 effectuer entre le point de d\u00e9part et le lieu de livraison de votre v\u00e9hicule.<\/p>\n<p class=\"p1\" style=\"text-align: center;\"><strong>Le tarif annonc\u00e9 comprend :<\/strong><\/p>\n<p style=\"text-align: center;\"><em>Le d\u00e9placement vers le lieu de d\u00e9part<\/em><br \/>\n<em>Le chargement<\/em><br \/>\n<em>Le transport du lieu de d\u00e9part jusqu&rsquo;au lieu d&rsquo;arriv\u00e9e<\/em><br \/>\n<em>Les frais de route (essence et p\u00e9ages)<\/em><br \/>\n<em>Le d\u00e9chargement,<\/em><\/p>\n<p class=\"p1\" style=\"text-align: center;\">En cas de v\u00e9hicule en panne certaines assurances prennent en charge le transport, n&rsquo;h\u00e9sitez pas \u00e0 vous renseigner aupr\u00e8s de votre assureur.<\/p>\n<p class=\"p1\" style=\"text-align: center;\">Vous l\u2019aurez compris, plus qu\u2019une plateforme de mise en relation, nous sommes de vrais logisticiens, r\u00e9actifs et humains dans la gestion de nos \u00e9quipages.<\/p>\n<h3 class=\"p1\" style=\"text-align: center;\">Avec MCW, les livraisons sont sans soucis\u2026<\/h3>\n<p>[\/vc_column_text][vc_btn title=\u00a0\u00bbTarification Convoyage\u00a0\u00bb size=\u00a0\u00bblg\u00a0\u00bb align=\u00a0\u00bbcenter\u00a0\u00bb i_icon_fontawesome=\u00a0\u00bbfas fa-phone-volume\u00a0\u00bb add_icon=\u00a0\u00bbtrue\u00a0\u00bb link=\u00a0\u00bburl:https%3A%2F%2Flogistics.mythicalcarsworldwide.fr%2F%3Ftarget%3D3us9g2x56ts58em2ojxlr0siw\u00a0\u00bb][\/vc_column][\/vc_row][vc_row content_placement=\u00a0\u00bbbottom\u00a0\u00bb gradient_colors=\u00a0\u00bb%5B%7B%7D%5D\u00a0\u00bb css=\u00a0\u00bb.vc_custom_1651710430828{margin-bottom: 0px !important;border-bottom-width: 0px !important;}\u00a0\u00bb][vc_column gradient_colors=\u00a0\u00bb%5B%7B%7D%5D\u00a0\u00bb css=\u00a0\u00bb.vc_custom_1651710629442{margin-bottom: -77px !important;}\u00a0\u00bb]\n\t\t\t<!-- START Home 2 REVOLUTION SLIDER 6.5.12 --><p class=\"rs-p-wp-fix\"><\/p>\n\t\t\t<rs-module-wrap id=\"rev_slider_2_2_wrapper\" data-source=\"gallery\" style=\"visibility:hidden;background:#262626;padding:0;margin:0px auto;margin-top:0;margin-bottom:0;\">\n\t\t\t\t<rs-module id=\"rev_slider_2_2\" style=\"\" data-version=\"6.5.12\">\n\t\t\t\t\t<rs-slides>\n\t\t\t\t\t\t<rs-slide style=\"position: absolute;\" data-key=\"rs-4\" data-title=\"Slide\" data-in=\"o:0;\" data-out=\"a:false;\">\n\t\t\t\t\t\t\t<img decoding=\"async\" src=\"\/\/mythicalcarsworldwide.fr\/wp-content\/plugins\/revslider\/public\/assets\/assets\/dummy.png\" alt=\"\" title=\"Logistique\" class=\"rev-slidebg tp-rs-img rs-lazyload\" data-lazyload=\"\/\/mythicalcarsworldwide.fr\/wp-content\/uploads\/2018\/12\/2a.jpg\" data-no-retina>\n\t\t\t\t\t\t\t<rs-bgvideo \n\t\t\t\t\t\t\t\tdata-video=\"vc:none;w:100%;h:100%;sta:00:18;end:00:50;nse:false;l:loopandnoslidestop;ptimer:false;\"\n\t\t\t\t\t\t\t\tdata-ytid=\"CgVwDQnY5Uo\"\n\t\t\t\t\t\t\t\tdata-vatr=\"version=3&amp;enablejsapi=1&amp;html5=1&amp;hd=1&amp;wmode=opaque&amp;showinfo=0&amp;rel=0&amp;origin=https:\/\/mythicalcarsworldwide.fr;\"\n\t\t\t\t\t\t\t><\/rs-bgvideo>\n<!---->\t\t\t\t\t\t<\/rs-slide>\n\t\t\t\t\t<\/rs-slides>\n\t\t\t\t<\/rs-module>\n\t\t\t\t<script>\n\t\t\t\t\tsetREVStartSize({c: 'rev_slider_2_2',rl:[1240,1024,778,480],el:[770,668,860,720],gw:[1300,1024,778,480],gh:[770,668,860,720],type:'standard',justify:'',layout:'fullwidth',mh:\"0\"});if (window.RS_MODULES!==undefined && window.RS_MODULES.modules!==undefined && window.RS_MODULES.modules[\"revslider22\"]!==undefined) {window.RS_MODULES.modules[\"revslider22\"].once = false;window.revapi2 = undefined;if (window.RS_MODULES.checkMinimal!==undefined) window.RS_MODULES.checkMinimal()}\n\t\t\t\t<\/script>\n\t\t\t\t<script src=\"https:\/\/www.youtube.com\/iframe_api\"><\/script>\n\t\t\t<\/rs-module-wrap>\n\t\t\t<!-- END REVOLUTION SLIDER -->\n[\/vc_column][\/vc_row]<\/p>\n","protected":false},"excerpt":{"rendered":"<p>[vc_row pix_padding_top=\u00a0\u00bbpadding No\u00a0\u00bb pix_padding_bottom=\u00a0\u00bbpadding No\u00a0\u00bb gradient_colors=\u00a0\u00bb%5B%7B%7D%5D\u00a0\u00bb][vc_column][\/vc_column][\/vc_row][vc_row][vc_column][vc_column_text] LOUEURS, CONCESSIONNAIRES, MANDATAIRES, GESTIONNAIRES DE FLOTTE OU PARTICULIERS LA SOLUTION \u00c1 TOUTES VOS PROBL\u00c9MATIQUES DE TRANSPORT ET DE LOGISTIQUE [\/vc_column_text][vc_text_separator title=\u00a0\u00bbQui sommes-nous ?\u00a0\u00bb][vc_column_text] Votre partenaire pour vous simplifier tous vos transports de v\u00e9hicules, automobiles, motos, caravanes, remorques, bateaux, v\u00e9hicule en pannes ou de collections, des solutions simples et rapides [&hellip;]<\/p>\n","protected":false},"author":1,"featured_media":0,"parent":0,"menu_order":0,"comment_status":"closed","ping_status":"closed","template":"page-home.php","meta":{"om_disable_all_campaigns":false,"_monsterinsights_skip_tracking":false,"_monsterinsights_sitenote_active":false,"_monsterinsights_sitenote_note":"","_monsterinsights_sitenote_category":0,"footnotes":""},"class_list":["post-3358","page","type-page","status-publish","hentry"],"aioseo_notices":[],"_links":{"self":[{"href":"https:\/\/mythicalcarsworldwide.fr\/index.php\/wp-json\/wp\/v2\/pages\/3358","targetHints":{"allow":["GET"]}}],"collection":[{"href":"https:\/\/mythicalcarsworldwide.fr\/index.php\/wp-json\/wp\/v2\/pages"}],"about":[{"href":"https:\/\/mythicalcarsworldwide.fr\/index.php\/wp-json\/wp\/v2\/types\/page"}],"author":[{"embeddable":true,"href":"https:\/\/mythicalcarsworldwide.fr\/index.php\/wp-json\/wp\/v2\/users\/1"}],"replies":[{"embeddable":true,"href":"https:\/\/mythicalcarsworldwide.fr\/index.php\/wp-json\/wp\/v2\/comments?post=3358"}],"version-history":[{"count":26,"href":"https:\/\/mythicalcarsworldwide.fr\/index.php\/wp-json\/wp\/v2\/pages\/3358\/revisions"}],"predecessor-version":[{"id":3411,"href":"https:\/\/mythicalcarsworldwide.fr\/index.php\/wp-json\/wp\/v2\/pages\/3358\/revisions\/3411"}],"wp:attachment":[{"href":"https:\/\/mythicalcarsworldwide.fr\/index.php\/wp-json\/wp\/v2\/media?parent=3358"}],"curies":[{"name":"wp","href":"https:\/\/api.w.org\/{rel}","templated":true}]}}